{"id":421,"date":"2025-09-11T20:15:38","date_gmt":"2025-09-12T00:15:38","guid":{"rendered":"https:\/\/www.scienceliteracy.ca\/a-propos\/"},"modified":"2025-11-12T15:14:06","modified_gmt":"2025-11-12T20:14:06","slug":"a-propos","status":"publish","type":"page","link":"https:\/\/www.scienceliteracy.ca\/fr\/a-propos\/","title":{"rendered":"\u00c0 propos"},"content":{"rendered":"\n<div class=\"wp-block-group alignwide has-background is-layout-flow wp-block-group-is-layout-flow\" style=\"border-radius:50px;background-color:#b7d5bc;margin-top:var(--wp--preset--spacing--40);margin-bottom:var(--wp--preset--spacing--40);padding-top:var(--wp--preset--spacing--40);padding-right:var(--wp--preset--spacing--40);padding-bottom:var(--wp--preset--spacing--40);padding-left:var(--wp--preset--spacing--40)\">\n<h2 class=\"wp-block-heading has-accent-5-color has-text-color has-link-color wp-elements-9ea0509e0663c1007efebb49064941d8\">\u00c0 propos<\/h2>\n\n\n\n<p class=\"has-accent-5-color has-text-color has-link-color wp-elements-38459cd70132f47437cc856c77936096\">La Semaine de la culture scientifique est une campagne nationale ambitieuse, pr\u00e9sent\u00e9e par <strong>l&rsquo;Association canadienne des centres de sciences (ACCS)<\/strong> en partenariat avec des \u00e9ducateur\u00b7ice\u00b7s, <a href=\"https:\/\/canadiansciencecentres.ca\/fr\/notre-reseau-de-membres\/\" data-type=\"link\" data-id=\"https:\/\/canadiansciencecentres.ca\/fr\/notre-reseau-de-membres\/\">des membres de l&rsquo;ACCS<\/a>, des biblioth\u00e8ques, des organismes gouvernementaux et bien d&rsquo;autres. En unissant nos forces, nous souhaitons \u00e9veiller la curiosit\u00e9, c\u00e9l\u00e9brer la science canadienne et renforcer l&rsquo;engagement du public envers l&rsquo;apprentissage des STIM. <\/p>\n\n\n\n<p class=\"has-accent-5-color has-text-color has-link-color wp-elements-cee321142d802fea5d580c43f4a54dd1\">Gr\u00e2ce \u00e0 une programmation collaborative et au soutien aux partenaires d&rsquo;un oc\u00e9an \u00e0 l&rsquo;autre, la Semaine de la culture scientifique relie les gens aux r\u00e9cits, aux savoirs et aux communaut\u00e9s qui fa\u00e7onnent notre plan\u00e8te, et notre avenir. Le th\u00e8me de l\u2019\u00e9dition 2025 \u00e9tait \u00ab Des mers \u00e0 l\u2019espace \u00bb. L\u2019ACCS, aux c\u00f4t\u00e9s de ses membres, des \u00e9ducateur\u00b7ice\u00b7s et d\u2019un \u00e9cosyst\u00e8me grandissant de leaders en apprentissage des STIM \u00e0 travers le pays, \u00e0 mis en lumi\u00e8re l\u2019interconnexion de la vie sur Terre et encouragera une vision partag\u00e9e d\u2019un avenir durable, guid\u00e9 par la curiosit\u00e9.<br\/><\/p>\n\n\n\n<p class=\"has-accent-5-color has-text-color has-link-color wp-elements-730af286848b2efb32046c10e7a97c8f\">L\u2019ACCS est fi\u00e8re de collaborer avec Science Pour Tous afin de mettre en relation, de rassembler et de faire coop\u00e9rer les organismes qu\u00e9b\u00e9cois, garantissant ainsi que le savoir-faire francophone occupe une place de choix dans cette initiative nationale. Ensemble, nous allons d\u00e9velopper un r\u00e9seau dynamique \u00e0 travers le Qu\u00e9bec qui mettra en valeur les forces locales tout en mettant en avant les histoires et les innovations d&rsquo;un oc\u00e9an \u00e0 l&rsquo;autre de la francophonie.<\/p>\n<\/div>\n\n<div class=\"wp-block-group alignwide has-background is-layout-flow wp-block-group-is-layout-flow\" style=\"border-radius:50px;background-color:#b7d5bc;margin-top:var(--wp--preset--spacing--40);margin-bottom:var(--wp--preset--spacing--40);padding-top:var(--wp--preset--spacing--40);padding-right:var(--wp--preset--spacing--40);padding-bottom:var(--wp--preset--spacing--40);padding-left:var(--wp--preset--spacing--40)\">\n<div class=\"wp-block-buttons is-content-justification-center is-layout-flex wp-container-core-buttons-is-layout-a89b3969 wp-block-buttons-is-layout-flex\">\n<div class=\"wp-block-button\"><a class=\"wp-block-button__link has-accent-4-color has-accent-1-background-color has-text-color has-background has-link-color has-x-large-font-size has-custom-font-size wp-element-button\" href=\"https:\/\/drive.google.com\/drive\/folders\/10InAUgZSA4zxgbRgkmjOPAxUBbDXuws1?usp%3Ddrive_link&amp;sa=D&amp;source=docs&amp;ust=1756135717776589&amp;usg=AOvVaw356kuJzvpuOuqMV8fS5xX5\" style=\"text-transform:none\" target=\"_blank\" rel=\"noreferrer noopener\">Trousse graphique<\/a><\/div>\n<\/div>\n<\/div>\n","protected":false},"excerpt":{"rendered":"<p>\u00c0 propos La Semaine de la culture scientifique est une campagne nationale ambitieuse, pr\u00e9sent\u00e9e par l&rsquo;Association canadienne des centres de sciences (ACCS) en partenariat avec des \u00e9ducateur\u00b7ice\u00b7s, des membres de [&hellip;]<\/p>\n","protected":false},"author":2,"featured_media":0,"parent":0,"menu_order":0,"comment_status":"closed","ping_status":"closed","template":"","meta":{"_EventAllDay":false,"_EventTimezone":"","_EventStartDate":"","_EventEndDate":"","_EventStartDateUTC":"","_EventEndDateUTC":"","_EventShowMap":false,"_EventShowMapLink":false,"_EventURL":"","_EventCost":"","_EventCostDescription":"","_EventCurrencySymbol":"","_EventCurrencyCode":"","_EventCurrencyPosition":"","_EventDateTimeSeparator":"","_EventTimeRangeSeparator":"","_EventOrganizerID":[],"_EventVenueID":[],"_OrganizerEmail":"","_OrganizerPhone":"","_OrganizerWebsite":"","_VenueAddress":"","_VenueCity":"","_VenueCountry":"","_VenueProvince":"","_VenueState":"","_VenueZip":"","_VenuePhone":"","_VenueURL":"","_VenueStateProvince":"","_VenueLat":"","_VenueLng":"","_VenueShowMap":false,"_VenueShowMapLink":false,"_tribe_blocks_recurrence_rules":"","_tribe_blocks_recurrence_description":"","_tribe_blocks_recurrence_exclusions":"","footnotes":""},"class_list":["post-421","page","type-page","status-publish","hentry"],"_links":{"self":[{"href":"https:\/\/www.scienceliteracy.ca\/fr\/wp-json\/wp\/v2\/pages\/421","targetHints":{"allow":["GET"]}}],"collection":[{"href":"https:\/\/www.scienceliteracy.ca\/fr\/wp-json\/wp\/v2\/pages"}],"about":[{"href":"https:\/\/www.scienceliteracy.ca\/fr\/wp-json\/wp\/v2\/types\/page"}],"author":[{"embeddable":true,"href":"https:\/\/www.scienceliteracy.ca\/fr\/wp-json\/wp\/v2\/users\/2"}],"replies":[{"embeddable":true,"href":"https:\/\/www.scienceliteracy.ca\/fr\/wp-json\/wp\/v2\/comments?post=421"}],"version-history":[{"count":3,"href":"https:\/\/www.scienceliteracy.ca\/fr\/wp-json\/wp\/v2\/pages\/421\/revisions"}],"predecessor-version":[{"id":1251,"href":"https:\/\/www.scienceliteracy.ca\/fr\/wp-json\/wp\/v2\/pages\/421\/revisions\/1251"}],"wp:attachment":[{"href":"https:\/\/www.scienceliteracy.ca\/fr\/wp-json\/wp\/v2\/media?parent=421"}],"curies":[{"name":"wp","href":"https:\/\/api.w.org\/{rel}","templated":true}]}}