{"id":163,"date":"2025-05-28T02:29:17","date_gmt":"2025-05-28T06:29:17","guid":{"rendered":"https:\/\/scienceliteracydev.ca\/page-daccueil\/"},"modified":"2025-11-12T15:23:36","modified_gmt":"2025-11-12T20:23:36","slug":"page-daccueil","status":"publish","type":"page","link":"https:\/\/www.scienceliteracy.ca\/fr\/","title":{"rendered":"Page d&rsquo;accueil"},"content":{"rendered":"\n<div class=\"wp-block-columns alignwide is-layout-flex wp-container-core-columns-is-layout-37aac1a9 wp-block-columns-is-layout-flex\" style=\"margin-top:0;margin-bottom:var(--wp--preset--spacing--50);padding-top:var(--wp--preset--spacing--40);padding-right:var(--wp--preset--spacing--40);padding-bottom:var(--wp--preset--spacing--40);padding-left:var(--wp--preset--spacing--40)\">\n<div class=\"wp-block-column is-vertically-aligned-center is-layout-flow wp-block-column-is-layout-flow\" style=\"padding-right:0;padding-left:0\">\n<h1 class=\"wp-block-heading has-contrast-color has-text-color has-link-color has-roboto-serif-font-family wp-elements-88de04156cfcdf538ccdba355645a83b\">Semaine de la culture scientifique<\/h1>\n\n\n\n<h2 class=\"wp-block-heading has-accent-4-color has-text-color has-link-color wp-elements-af403d89f7c76a66dd4cbb74c64e4ada\">6 &#8211; 12 octobre 2025<\/h2>\n\n\n\n<h2 class=\"wp-block-heading has-accent-4-color has-text-color has-link-color wp-elements-92f99b61dbdff572e2b9ad9575cf7de2\">Partout au Canada<\/h2>\n\n\n\n<div class=\"wp-block-buttons is-layout-flex wp-block-buttons-is-layout-flex\">\n<div class=\"wp-block-button\"><a class=\"wp-block-button__link has-accent-4-color has-accent-1-background-color has-text-color has-background has-link-color wp-element-button\" href=\"https:\/\/www.scienceliteracy.ca\/a-propos\/?lang=fr\" style=\"text-transform:none\">\u00c0 propos du SCS<\/a><\/div>\n<\/div>\n<\/div>\n\n\n\n<div class=\"wp-block-column is-layout-flow wp-block-column-is-layout-flow\" style=\"padding-right:0;padding-left:0\">\n<figure class=\"wp-block-image alignleft size-large is-resized\"><img loading=\"lazy\" decoding=\"async\" width=\"1024\" height=\"1024\" src=\"https:\/\/scienceliteracy.ca\/wp-content\/uploads\/2025\/05\/SLW_Book-1024x1024.png\" alt=\"\" class=\"wp-image-77\" style=\"width:400px\" srcset=\"https:\/\/www.scienceliteracy.ca\/wp-content\/uploads\/2025\/05\/SLW_Book-1024x1024.png 1024w, https:\/\/www.scienceliteracy.ca\/wp-content\/uploads\/2025\/05\/SLW_Book-300x300.png 300w, https:\/\/www.scienceliteracy.ca\/wp-content\/uploads\/2025\/05\/SLW_Book-150x150.png 150w, https:\/\/www.scienceliteracy.ca\/wp-content\/uploads\/2025\/05\/SLW_Book-768x768.png 768w, https:\/\/www.scienceliteracy.ca\/wp-content\/uploads\/2025\/05\/SLW_Book.png 1081w\" sizes=\"auto, (max-width: 1024px) 100vw, 1024px\" \/><\/figure>\n<\/div>\n<\/div>\n\n<div class=\"wp-block-group alignwide has-accent-2-background-color has-background is-layout-flow wp-block-group-is-layout-flow\" style=\"border-radius:50px;margin-top:var(--wp--preset--spacing--40);margin-bottom:var(--wp--preset--spacing--40);padding-top:var(--wp--preset--spacing--40);padding-right:var(--wp--preset--spacing--40);padding-bottom:var(--wp--preset--spacing--40);padding-left:var(--wp--preset--spacing--40)\">\n<h2 class=\"wp-block-heading alignwide has-text-align-center has-accent-5-color has-text-color has-link-color wp-elements-739c10359c8256289991b3a0f6347067\" style=\"text-transform:uppercase\">Merci!<\/h2>\n\n\n\n<p class=\"has-text-align-center\">La Semaine de la culture scientifique 2025 est termin\u00e9e! Merci beaucoup \u00e0 toutes et \u00e0 tous d&rsquo;avoir particip\u00e9 et d&rsquo;avoir c\u00e9l\u00e9br\u00e9 la science au Canada. Ce fut un incroyable moment de collaborations d&rsquo;un oc\u00e9an \u00e0 l&rsquo;autre.<\/p>\n\n\n\n<p class=\"has-text-align-center\">Restez \u00e0 l&rsquo;\u00e9coute pour obtenir des informations sur la Semaine de la culture scientifique 2026, qui aura lieu \u00e0 l&rsquo;automne prochain !<\/p>\n\n\n\n<div class=\"wp-block-columns is-layout-flex wp-container-core-columns-is-layout-7fc3d43a wp-block-columns-is-layout-flex\">\n<div class=\"wp-block-column has-accent-6-background-color has-background is-layout-flow wp-container-core-column-is-layout-d5c6c304 wp-block-column-is-layout-flow\" style=\"border-radius:50px;padding-top:var(--wp--preset--spacing--30);padding-right:var(--wp--preset--spacing--30);padding-bottom:var(--wp--preset--spacing--30);padding-left:var(--wp--preset--spacing--30)\">\n<p class=\"has-text-align-center\" style=\"font-size:clamp(2.2rem, 2.2rem + ((1vw - 0.2rem) * 2.824), 4rem);\">291<\/p>\n\n\n\n<p class=\"has-text-align-center has-large-font-size\">Partenaires<\/p>\n<\/div>\n\n\n\n<div class=\"wp-block-column has-accent-6-background-color has-background is-layout-flow wp-container-core-column-is-layout-d5c6c304 wp-block-column-is-layout-flow\" style=\"border-radius:50px;padding-top:var(--wp--preset--spacing--30);padding-right:var(--wp--preset--spacing--30);padding-bottom:var(--wp--preset--spacing--30);padding-left:var(--wp--preset--spacing--30)\">\n<p class=\"has-text-align-center\" style=\"font-size:clamp(2.2rem, 2.2rem + ((1vw - 0.2rem) * 2.824), 4rem);\">127<\/p>\n\n\n\n<p class=\"has-text-align-center has-large-font-size\">\u00c9v\u00e9nements<\/p>\n<\/div>\n\n\n\n<div class=\"wp-block-column has-accent-6-background-color has-background is-layout-flow wp-container-core-column-is-layout-d5c6c304 wp-block-column-is-layout-flow\" style=\"border-radius:50px;padding-top:var(--wp--preset--spacing--30);padding-right:var(--wp--preset--spacing--30);padding-bottom:var(--wp--preset--spacing--30);padding-left:var(--wp--preset--spacing--30)\">\n<p class=\"has-text-align-center\" style=\"font-size:clamp(2.2rem, 2.2rem + ((1vw - 0.2rem) * 2.824), 4rem);\">60K+<\/p>\n\n\n\n<p class=\"has-text-align-center has-large-font-size\">Port\u00e9e<\/p>\n<\/div>\n<\/div>\n<\/div>\n\n<div class=\"wp-block-group alignwide has-background has-global-padding is-layout-constrained wp-container-core-group-is-layout-091b0950 wp-block-group-is-layout-constrained\" style=\"border-radius:50px;background-color:#b7d5bc;margin-top:var(--wp--preset--spacing--40);margin-bottom:var(--wp--preset--spacing--40);padding-top:var(--wp--preset--spacing--40);padding-right:var(--wp--preset--spacing--40);padding-bottom:var(--wp--preset--spacing--40);padding-left:var(--wp--preset--spacing--40)\">\n<h2 class=\"wp-block-heading alignwide has-accent-5-color has-text-color has-link-color wp-elements-fb5bf1e2c502af0c1ab113f33f84a444\">Th\u00e8me<\/h2>\n\n\n\n<div class=\"wp-block-columns alignwide is-layout-flex wp-container-core-columns-is-layout-ec2e7a44 wp-block-columns-is-layout-flex\" style=\"padding-top:0;padding-bottom:0\">\n<div class=\"wp-block-column is-vertically-aligned-center is-layout-flow wp-block-column-is-layout-flow\">\n<figure class=\"wp-block-image aligncenter size-full\" style=\"margin-top:var(--wp--preset--spacing--40);margin-bottom:var(--wp--preset--spacing--40)\"><img decoding=\"async\" src=\"https:\/\/www.scienceliteracy.ca\/wp-content\/uploads\/2025\/07\/SLWSeatoSpaceCredit_FRB.png\" alt=\"\" class=\"wp-image-335\" style=\"object-fit:cover\"\/><\/figure>\n<\/div>\n\n\n\n<div class=\"wp-block-column is-layout-flow wp-block-column-is-layout-flow\">\n<h3 class=\"wp-block-heading has-accent-5-color has-text-color has-link-color has-x-large-font-size wp-elements-efa49e7f07307d0532d49c8382acf01e\">Des mers \u00e0 l&rsquo;espace<\/h3>\n\n\n\n<h4 class=\"wp-block-heading has-accent-5-color has-text-color has-link-color has-large-font-size wp-elements-99aec1e63384b6b63d66e94eba801f19\">Explorez les merveilles de notre monde, sous les vagues et parmi les \u00e9toiles.<\/h4>\n\n\n\n<p class=\"has-accent-5-color has-text-color has-link-color wp-elements-4997d67329b320d79216c4c982a424f8\">Le th\u00e8me de la Semaine de la culture scientifique de cette ann\u00e9e \u00e9tait <strong><em>\u00ab De la mer \u00e0 l\u2019espace \u00bb<\/em><\/strong>. De l\u2019immensit\u00e9 des oc\u00e9ans jusqu\u2019aux confins de notre atmosph\u00e8re, cette campagne nationale \u00e0 invit\u00e9 les Canadien\u00b7ne\u00b7s de tous \u00e2ges \u00e0 d\u00e9couvrir comment la science fa\u00e7onne notre monde.<\/p>\n\n\n\n<p class=\"has-accent-5-color has-text-color has-link-color wp-elements-97332a8e7ad82892bb50543428857d28\">L\u2019ACCS, en collaboration avec ses membres, des \u00e9ducateur\u00b7ice\u00b7s et un \u00e9cosyst\u00e8me croissant de leaders en \u00e9ducation des STIM \u00e0 travers le pays, porte une vision commune d\u2019un avenir durable nourri par la curiosit\u00e9.<\/p>\n\n\n\n<p class=\"has-accent-5-color has-text-color has-link-color wp-elements-ac4f9612ff0871755830b0a2378ceff7\">Venez vous informer, vous inspirer et participer.<\/p>\n\n\n\n<div class=\"wp-block-buttons is-layout-flex wp-block-buttons-is-layout-flex\">\n<div class=\"wp-block-button\"><a class=\"wp-block-button__link has-accent-4-color has-accent-1-background-color has-text-color has-background has-link-color wp-element-button\" href=\"https:\/\/www.scienceliteracy.ca\/a-propos\/?lang=fr\" style=\"text-transform:none\">En savoir plus<\/a><\/div>\n<\/div>\n<\/div>\n<\/div>\n<\/div>\n\n<div class=\"wp-block-group alignwide has-background is-layout-flow wp-block-group-is-layout-flow\" style=\"border-radius:50px;background-color:#b7d5bc;margin-top:var(--wp--preset--spacing--40);margin-bottom:var(--wp--preset--spacing--40);padding-top:var(--wp--preset--spacing--40);padding-right:var(--wp--preset--spacing--40);padding-bottom:var(--wp--preset--spacing--40);padding-left:var(--wp--preset--spacing--40)\">\n<h2 class=\"wp-block-heading alignwide has-accent-5-color has-text-color has-link-color wp-elements-67f823f787b1a7cd3ca3f4b49267e3fd\">\u00c9v\u00e9nements et partenaires<\/h2>\n\n\n\n<h2 class=\"wp-block-heading has-accent-5-color has-text-color has-link-color has-large-font-size wp-elements-54a09731de67377421969687b72415dd\">Voici les \u00e9v\u00e9nements pr\u00e8s de chez vous!<\/h2>\n\n\n\n<div class=\"wp-block-buttons is-layout-flex wp-block-buttons-is-layout-flex\">\n<div class=\"wp-block-button\"><a class=\"wp-block-button__link has-accent-4-color has-accent-1-background-color has-text-color has-background has-link-color wp-element-button\" href=\"\/events\/?lang=fr\" style=\"text-transform:none\">Voir les \u00e9v\u00e9nements<\/a><\/div>\n<\/div>\n\n\n\n<div class=\"wp-block-group has-accent-5-color has-text-color has-link-color wp-elements-2c03c32a388784b3afe7e81f94f6919c is-layout-flow wp-block-group-is-layout-flow\">\r\n            \r\n            \r\n            \r\n            <a name='map1'><\/a>\r\n            \r\n            \r\n            \r\n            \r\n            <div class=\"wpgmza_map \"  id=\"wpgmza_map_1\" style=\"display:block; overflow:auto; width:100%; height:400px; float:left;\" data-settings='{\"id\":\"1\",\"map_title\":\"ScienceLiteracyWeek2025\",\"map_width\":\"100\",\"map_height\":\"400\",\"map_start_lat\":\"45.555488900000014\",\"map_start_lng\":\"-73.67098219999998\",\"map_start_location\":\"45.950464398418106,-109.81550500000003\",\"map_start_zoom\":\"3\",\"default_marker\":\"\",\"type\":\"1\",\"alignment\":\"4\",\"directions_enabled\":\"0\",\"styling_enabled\":\"0\",\"styling_json\":\"\",\"active\":\"0\",\"kml\":\"\",\"bicycle\":\"0\",\"traffic\":\"0\",\"dbox\":\"1\",\"dbox_width\":\"\",\"listmarkers\":\"0\",\"listmarkers_advanced\":\"0\",\"filterbycat\":\"0\",\"ugm_enabled\":\"0\",\"ugm_category_enabled\":\"0\",\"fusion\":\"\",\"map_width_type\":\"%\",\"map_height_type\":\"px\",\"mass_marker_support\":\"0\",\"ugm_access\":\"0\",\"order_markers_by\":\"2\",\"order_markers_choice\":\"1\",\"show_user_location\":\"0\",\"default_to\":\"\",\"other_settings\":{\"map_type\":1,\"sl_stroke_color\":\"#ff0000\",\"sl_fill_color\":\"#ff0000\",\"sl_stroke_opacity\":\"1\",\"sl_fill_opacity\":\"0.5\",\"transport_layer\":false,\"action\":\"wpgmza_save_map\",\"redirect_to\":\"\\\/wp-admin\\\/admin-post.php\",\"map_id\":\"1\",\"http_referer\":\"\\\/wp-admin\\\/admin.php?page=wp-google-maps-menu&amp;amp;action=edit&amp;amp;map_id=1\",\"wpgmza_id\":\"1\",\"wpgmza_start_location\":\"45.555488900000014,-73.67098219999998\",\"wpgmza_start_zoom\":\"3\",\"wpgmza_theme_data\":\"[{\\\"featureType\\\": \\\"administrative\\\",\\\"elementType\\\": \\\"labels.text.fill\\\",\\\"stylers\\\": [{\\\"color\\\": \\\"#444444\\\"}]},{\\\"featureType\\\": \\\"landscape\\\",\\\"elementType\\\": \\\"all\\\",\\\"stylers\\\": [{\\\"color\\\": \\\"#f2f2f2\\\"}]},{\\\"featureType\\\": \\\"poi\\\",\\\"elementType\\\": \\\"all\\\",\\\"stylers\\\": [{\\\"visibility\\\": \\\"off\\\"}]},{\\\"featureType\\\": \\\"road\\\",\\\"elementType\\\": \\\"all\\\",\\\"stylers\\\": [{\\\"saturation\\\": -100},{\\\"lightness\\\": 45}]},{\\\"featureType\\\": \\\"road.highway\\\",\\\"elementType\\\": \\\"all\\\",\\\"stylers\\\": [{\\\"visibility\\\": \\\"simplified\\\"}]},{\\\"featureType\\\": \\\"road.arterial\\\",\\\"elementType\\\": \\\"labels.icon\\\",\\\"stylers\\\": [{\\\"visibility\\\": \\\"off\\\"}]},{\\\"featureType\\\": \\\"transit\\\",\\\"elementType\\\": \\\"all\\\",\\\"stylers\\\": [{\\\"visibility\\\": \\\"off\\\"}]},{\\\"featureType\\\": \\\"water\\\",\\\"elementType\\\": \\\"all\\\",\\\"stylers\\\": [{\\\"color\\\": \\\"#46bcec\\\"},{\\\"visibility\\\": \\\"on\\\"}]}]\",\"wpgmza_dbox_width_type\":\"%\",\"default_from\":\"\",\"directions_behaviour\":\"default\",\"force_google_directions_app\":false,\"directions_route_origin_icon\":\"https:\\\/\\\/scienceliteracy.ca\\\/wp-content\\\/plugins\\\/wp-google-maps\\\/images\\\/spotlight-poi3.png\",\"directions_origin_retina\":false,\"directions_route_destination_icon\":\"https:\\\/\\\/scienceliteracy.ca\\\/wp-content\\\/plugins\\\/wp-google-maps\\\/images\\\/spotlight-poi3.png\",\"directions_destination_retina\":false,\"directions_route_stroke_color\":\"#4f8df5\",\"directions_route_stroke_weight\":\"4\",\"directions_route_stroke_opacity\":\"0.8\",\"directions_fit_bounds_to_route\":false,\"store_locator_enabled\":false,\"store_locator_search_area\":\"radial\",\"wpgmza_store_locator_radius_style\":\"legacy\",\"wpgmza_store_locator_default_radius\":\"10\",\"store_locator_auto_area_max_zoom\":\"\",\"wpgmza_store_locator_restrict\":\"\",\"store_locator_distance\":false,\"wpgmza_store_locator_position\":false,\"store_locator_show_distance\":false,\"store_locator_category\":false,\"wpgmza_store_locator_use_their_location\":false,\"wpgmza_store_locator_bounce\":false,\"upload_default_sl_marker\":\"\",\"upload_default_sl_marker_retina\":false,\"wpgmza_sl_animation\":\"0\",\"wpgmza_store_locator_hide_before_search\":false,\"store_locator_query_string\":\"\",\"store_locator_location_placeholder\":\"\",\"store_locator_default_address\":\"\",\"store_locator_name_search\":false,\"store_locator_name_string\":\"\",\"store_locator_not_found_message\":\"\",\"retina\":false,\"wpgmza_map_align\":\"1\",\"upload_default_ul_marker\":\"\",\"upload_default_ul_marker_retina\":false,\"jump_to_nearest_marker_on_initialization\":false,\"automatically_pan_to_users_location\":false,\"override_users_location_zoom_level\":false,\"override_users_location_zoom_levels\":\"\",\"show_distance_from_location\":false,\"map_max_zoom\":\"21\",\"map_min_zoom\":\"0\",\"click_open_link\":false,\"fit_maps_bounds_to_markers\":false,\"fit_maps_bounds_to_markers_after_filtering\":false,\"hide_point_of_interest\":false,\"wpgmza_zoom_on_marker_click\":false,\"wpgmza_zoom_on_marker_click_slider\":\"\",\"close_infowindow_on_map_click\":false,\"disable_lightbox_images\":false,\"use_Raw_Jpeg_Coordinates\":false,\"polygon_labels\":false,\"disable_polygon_info_windows\":false,\"enable_advanced_custom_fields_integration\":false,\"enable_toolset_woocommerce_integration\":false,\"enable_woo_product_integration\":false,\"enable_marker_labels\":false,\"only_load_markers_within_viewport\":false,\"zoom_level_mobile_override_enabled\":false,\"zoom_level_mobile_override\":\"\",\"iw_primary_color\":\"#000000\",\"iw_accent_color\":\"#000000\",\"iw_text_color\":\"#000000\",\"wpgmza_listmarkers_by\":\"7\",\"wpgmza_marker_listing_position\":false,\"wpgmza_push_in_map\":false,\"wpgmza_push_in_map_placement\":\"1\",\"wpgmza_push_in_map_width\":\"\",\"wpgmza_push_in_map_height\":\"\",\"zoom_level_on_marker_listing_override\":false,\"zoom_level_on_marker_listing_click\":\"\",\"marker_listing_disable_zoom\":false,\"datatable_no_result_message\":\"\",\"remove_search_box_datables\":false,\"dataTable_pagination_style\":\"default\",\"datatable_search_string\":\"\",\"datatable_result_start\":\"\",\"datatable_result_of\":\"\",\"datatable_result_to\":\"\",\"datatable_result_total\":\"\",\"datatable_result_show\":\"\",\"datatable_result_entries\":\"\",\"wpgmza_savemap\":\"Save Map \\u00bb\",\"shortcodeAttributes\":{\"id\":\"1\"},\"wpgmza_theme\":\"1\",\"wpgmza_iw_type\":\"0\"}}' data-map-id='1' data-shortcode-attributes='{\"id\":\"1\"}'> <\/div>\r\n            \r\n            <div data-wpgmza-table data-wpgmza-php-class=\"WPGMZA\\MarkerListing\\Grid\" data-wpgmza-rest-api-route=\"\/marker-listing\/\" data-wpgmza-marker-listing=\"true\" class=\"wpgmza_marker_list_class wpgmza-marker-grid\" style=\"width:100%;\" data-wpgmza-ajax-parameters='{\"map_id\":\"1\"}' id=\"wpgmza_marker_list_1\"><\/div>   \r\n        <\/div>\n<\/div>\n\n<div class=\"wp-block-group alignwide has-background has-global-padding is-layout-constrained wp-container-core-group-is-layout-091b0950 wp-block-group-is-layout-constrained\" style=\"border-radius:50px;background-color:#b7d5bc;margin-top:var(--wp--preset--spacing--40);margin-bottom:var(--wp--preset--spacing--40);padding-top:var(--wp--preset--spacing--40);padding-right:var(--wp--preset--spacing--40);padding-bottom:var(--wp--preset--spacing--40);padding-left:var(--wp--preset--spacing--40)\">\n<div class=\"wp-block-columns alignwide is-layout-flex wp-container-core-columns-is-layout-cc5f43ef wp-block-columns-is-layout-flex\" style=\"padding-top:0;padding-bottom:0\">\n<div class=\"wp-block-column is-vertically-aligned-center is-layout-flow wp-block-column-is-layout-flow\">\n<h2 class=\"wp-block-heading alignwide has-accent-5-color has-text-color has-link-color wp-elements-bb1ca3ffe2959687f272ebbcf3343fc0\">Ressources en vedette<\/h2>\n<\/div>\n\n\n\n<div class=\"wp-block-column is-layout-flow wp-block-column-is-layout-flow\">\n<figure class=\"wp-block-image size-large\" style=\"margin-top:var(--wp--preset--spacing--40);margin-bottom:var(--wp--preset--spacing--40)\"><img loading=\"lazy\" decoding=\"async\" width=\"1024\" height=\"402\" src=\"https:\/\/scienceliteracy.ca\/wp-content\/uploads\/2025\/05\/Arch1_Pink-1024x402.png\" alt=\"\" class=\"wp-image-141\" style=\"object-fit:cover\" srcset=\"https:\/\/www.scienceliteracy.ca\/wp-content\/uploads\/2025\/05\/Arch1_Pink-1024x402.png 1024w, https:\/\/www.scienceliteracy.ca\/wp-content\/uploads\/2025\/05\/Arch1_Pink-300x118.png 300w, https:\/\/www.scienceliteracy.ca\/wp-content\/uploads\/2025\/05\/Arch1_Pink-768x302.png 768w, https:\/\/www.scienceliteracy.ca\/wp-content\/uploads\/2025\/05\/Arch1_Pink.png 1141w\" sizes=\"auto, (max-width: 1024px) 100vw, 1024px\" \/><\/figure>\n<\/div>\n<\/div>\n\n\n\n<div class=\"wp-block-columns alignwide is-layout-flex wp-container-core-columns-is-layout-3297362a wp-block-columns-is-layout-flex\" style=\"padding-top:var(--wp--preset--spacing--20);padding-right:var(--wp--preset--spacing--20);padding-bottom:var(--wp--preset--spacing--20);padding-left:var(--wp--preset--spacing--20)\">\n<div class=\"wp-block-column is-vertically-aligned-stretch is-layout-flow wp-block-column-is-layout-flow\">\n<h3 class=\"wp-block-heading has-accent-5-color has-text-color has-link-color wp-elements-d9ce6bcde49d21c6d32f9d968b130bac\">Quand on partage la meilleure science disponible, tout le monde y gagne! <\/h3>\n\n\n\n<p class=\"has-accent-5-color has-text-color has-link-color wp-elements-ea2c9d75810d3b87ecd93b6501d6cfa8\">Au fil des ans, la Semaine de la culture scientifique et ses partenaires ont d\u00e9velopp\u00e9 des ressources \u00e9ducatives et des moyens cr\u00e9atifs pour promouvoir la culture scientifique, partager les connaissances en STIM et nourrir l\u2019esprit critique. <\/p>\n\n\n\n<p class=\"has-accent-5-color has-text-color has-link-color wp-elements-75864397363db18db2600452f799358f\">Jetez un coup d\u2019\u0153il aux ressources offertes, incluant des illustrations et des textes sign\u00e9s par des illustrateur\u00b7ice\u00b7s et auteur\u00b7ice\u00b7s scientifiques canadien\u00b7ne\u00b7s talentueux\u00b7ses.<\/p>\n\n\n\n<div class=\"wp-block-buttons is-layout-flex wp-container-core-buttons-is-layout-45b20515 wp-block-buttons-is-layout-flex\">\n<div class=\"wp-block-button\"><a class=\"wp-block-button__link has-accent-4-color has-accent-1-background-color has-text-color has-background has-link-color wp-element-button\" href=\"https:\/\/www.scienceliteracy.ca\/apprendre\/?lang=fr\" style=\"text-transform:none\">Voir les ressources<\/a><\/div>\n<\/div>\n<\/div>\n\n\n\n<div class=\"wp-block-column is-vertically-aligned-bottom is-layout-flow wp-block-column-is-layout-flow\">\n<h2 class=\"wp-block-heading has-accent-5-color has-text-color has-link-color has-large-font-size wp-elements-61d523577ffa8167ec5eb967921ada3a\">On sait qu\u2019on ne peut pas faire \u00e7a seul\u00b7e\u00b7s.<\/h2>\n\n\n\n<p class=\"has-accent-5-color has-text-color has-link-color wp-elements-b128c86651199732f56588ca520ce433\">Vous \u00eates un\u00b7e leader en \u00e9ducation des STIM ou vous avez des ressources \u00e0 partager? On veut vous entendre! Si vous avez une ressource que vous aimeriez voir mise en valeur, remplissez ce court formulaire et faites-nous signe.<\/p>\n\n\n\n<div class=\"wp-block-buttons is-layout-flex wp-container-core-buttons-is-layout-45b20515 wp-block-buttons-is-layout-flex\">\n<div class=\"wp-block-button\"><a class=\"wp-block-button__link has-accent-4-color has-accent-1-background-color has-text-color has-background has-link-color wp-element-button\" href=\"https:\/\/docs.google.com\/forms\/d\/e\/1FAIpQLScsfq8U3LZLSazULkrEPOnQ2kPZ58x1uGW5L47SkbtQf_n5aA\/viewform\" style=\"text-transform:none\">Partagez vos ressources<\/a><\/div>\n<\/div>\n<\/div>\n<\/div>\n<\/div>\n","protected":false},"excerpt":{"rendered":"<p>Semaine de la culture scientifique 6 &#8211; 12 octobre 2025 Partout au Canada Merci! La Semaine de la culture scientifique 2025 est termin\u00e9e! Merci beaucoup \u00e0 toutes et \u00e0 tous [&hellip;]<\/p>\n","protected":false},"author":2,"featured_media":0,"parent":0,"menu_order":0,"comment_status":"closed","ping_status":"closed","template":"","meta":{"_EventAllDay":false,"_EventTimezone":"","_EventStartDate":"","_EventEndDate":"","_EventStartDateUTC":"","_EventEndDateUTC":"","_EventShowMap":false,"_EventShowMapLink":false,"_EventURL":"","_EventCost":"","_EventCostDescription":"","_EventCurrencySymbol":"","_EventCurrencyCode":"","_EventCurrencyPosition":"","_EventDateTimeSeparator":"","_EventTimeRangeSeparator":"","_EventOrganizerID":[],"_EventVenueID":[],"_OrganizerEmail":"","_OrganizerPhone":"","_OrganizerWebsite":"","_VenueAddress":"","_VenueCity":"","_VenueCountry":"","_VenueProvince":"","_VenueState":"","_VenueZip":"","_VenuePhone":"","_VenueURL":"","_VenueStateProvince":"","_VenueLat":"","_VenueLng":"","_VenueShowMap":false,"_VenueShowMapLink":false,"_tribe_blocks_recurrence_rules":"","_tribe_blocks_recurrence_description":"","_tribe_blocks_recurrence_exclusions":"","footnotes":""},"class_list":["post-163","page","type-page","status-publish","hentry"],"_links":{"self":[{"href":"https:\/\/www.scienceliteracy.ca\/fr\/wp-json\/wp\/v2\/pages\/163","targetHints":{"allow":["GET"]}}],"collection":[{"href":"https:\/\/www.scienceliteracy.ca\/fr\/wp-json\/wp\/v2\/pages"}],"about":[{"href":"https:\/\/www.scienceliteracy.ca\/fr\/wp-json\/wp\/v2\/types\/page"}],"author":[{"embeddable":true,"href":"https:\/\/www.scienceliteracy.ca\/fr\/wp-json\/wp\/v2\/users\/2"}],"replies":[{"embeddable":true,"href":"https:\/\/www.scienceliteracy.ca\/fr\/wp-json\/wp\/v2\/comments?post=163"}],"version-history":[{"count":51,"href":"https:\/\/www.scienceliteracy.ca\/fr\/wp-json\/wp\/v2\/pages\/163\/revisions"}],"predecessor-version":[{"id":1257,"href":"https:\/\/www.scienceliteracy.ca\/fr\/wp-json\/wp\/v2\/pages\/163\/revisions\/1257"}],"wp:attachment":[{"href":"https:\/\/www.scienceliteracy.ca\/fr\/wp-json\/wp\/v2\/media?parent=163"}],"curies":[{"name":"wp","href":"https:\/\/api.w.org\/{rel}","templated":true}]}}